{"id":2107,"date":"2021-03-10T10:36:57","date_gmt":"2021-03-10T03:36:57","guid":{"rendered":"https:\/\/archcafe.net\/product\/tra-dao-da\/"},"modified":"2026-04-15T03:39:48","modified_gmt":"2026-04-14T20:39:48","slug":"iced-peach-tea","status":"publish","type":"product","link":"https:\/\/archcafe.net\/en\/product\/iced-peach-tea\/","title":{"rendered":"Iced Peach Tea"},"content":{"rendered":"<p><img loading=\"lazy\" decoding=\"async\" class=\"alignnone wp-image-504 size-full\" src=\"https:\/\/archcafe.net\/wp-content\/uploads\/2021\/03\/21295634_Anh-chup-Man-hinh-2019-08-18-luc-9.28.58-CH.png\" alt=\"ARCHCAFE PEACH ICED TEA\" width=\"2048\" height=\"1062\" srcset=\"https:\/\/archcafe.net\/wp-content\/uploads\/2021\/03\/21295634_Anh-chup-Man-hinh-2019-08-18-luc-9.28.58-CH.png 2048w, https:\/\/archcafe.net\/wp-content\/uploads\/2021\/03\/21295634_Anh-chup-Man-hinh-2019-08-18-luc-9.28.58-CH-1536x797.png 1536w, https:\/\/archcafe.net\/wp-content\/uploads\/2021\/03\/21295634_Anh-chup-Man-hinh-2019-08-18-luc-9.28.58-CH-600x311.png 600w\" sizes=\"auto, (max-width: 2048px) 100vw, 2048px\" \/><\/p>\n<div>\n<div>\n<div>\n<p>Sweet peaches with grassy tea.<\/p>\n<p>Archcaf\u00e9 Peach Iced Tea with the genuine sweetness of raw peaches, is now coming as such a refreshing sweet-sour beverage.<\/p>\n<p>Completely soluble in cool water, convinient to drink anytime and anywhere.<\/p>\n<div>\n<div>\n<div>\n<div>\n<p>*** Note: Do not stir with hot water.<\/p>\n<\/div>\n<\/div>\n<\/div>\n<\/div>\n<\/div>\n<div><strong>SPECIFICATION:<\/strong><\/div>\n<div>\n<ul>\n<li>12 sachets\/ 1 box<\/li>\n<li>12 boxes\/1 carton<\/li>\n<\/ul>\n<p><strong style=\"color: #ed1c24;\">UNIT PRICE: <span>65,000<\/span><span class=\"s-price\">\u0111<\/span><\/strong><\/p>\n<p><strong style=\"color: #ed1c24;\">CARTON PRICE: <span>780,000<\/span><span class=\"s-price\">\u0111<\/span><\/strong><\/p>\n<\/div>\n<\/div>\n<\/div>\n<div><img loading=\"lazy\" decoding=\"async\" class=\"alignnone size-full wp-image-2113\" src=\"https:\/\/archcafe.net\/wp-content\/uploads\/2021\/03\/Screen-Shot-2021-04-06-at-2_27_05-PM.png\" alt=\"\" width=\"2156\" height=\"966\" srcset=\"https:\/\/archcafe.net\/wp-content\/uploads\/2021\/03\/Screen-Shot-2021-04-06-at-2_27_05-PM.png 2156w, https:\/\/archcafe.net\/wp-content\/uploads\/2021\/03\/Screen-Shot-2021-04-06-at-2_27_05-PM-1536x688.png 1536w, https:\/\/archcafe.net\/wp-content\/uploads\/2021\/03\/Screen-Shot-2021-04-06-at-2_27_05-PM-2048x918.png 2048w, https:\/\/archcafe.net\/wp-content\/uploads\/2021\/03\/Screen-Shot-2021-04-06-at-2_27_05-PM-600x269.png 600w\" sizes=\"auto, (max-width: 2156px) 100vw, 2156px\" \/><\/div>\n<div><strong>INGREDIENTS:<\/strong> Sugar (71%), Glucose (17%), Freeze dried peach powder (7.3%), Acid citric (E330) (2.5%), Green tea extract (1%), Black tea extract (0.72%), Artificial peach flavor (0.4%), Stevia (0.08%).<\/div>\n<div>\n<p><strong>STORAGE INSTRUCTIONS:<\/strong> Store in a cool, dry place.<\/p>\n<p><strong>RECOMMENDATION:<\/strong>\u00a0 Store the product according to the manufacturer&#8217;s instructions.<\/p>\n<p><strong>FOOD SAFETY WARNING:<\/strong> Do not use the product after its expiration date.<\/p>\n<p>Expiration date is printed on the packaging.<\/p>\n<p><strong>PRODUCT OF: ARCHCAFE JOINT STOCK COMPANY<\/strong><\/p>\n<ul>\n<li dir=\"ltr\">Head quater: 81\/15 Nguy\u1ec5n C\u1eedu V\u00e2n Street, Gia \u0110\u1ecbnh Ward, Ho Chi Minh City, Vietnam.<\/li>\n<li dir=\"ltr\">Office: 58 Nguy\u1ec5n B\u1ec9nh Khi\u00eam Street, T\u00e2n \u0110\u1ecbnh Ward, Ho Chi Minh City, Vietnam<\/li>\n<li dir=\"ltr\">Phone: (08) 6684 0166<\/li>\n<li dir=\"ltr\">Fanpage: <a href=\"https:\/\/www.facebook.com\/archcafe88\" target=\"_blank\" rel=\"noopener\">https:\/\/www.facebook.com\/archcafe88<\/a><\/li>\n<\/ul>\n<p>You can also contact us via Zalo at 0933.038.816 to get support and receive the most attractive promotions.<\/p>\n<\/div>\n","protected":false},"excerpt":{"rendered":"<p>Sweet peaches with grassy tea.<\/p>\n<p>Archcaf\u00e9 Peach Iced Tea with the genuine sweetness of raw peaches, is now coming as such a refreshing sweet-sour beverage.<\/p>\n<p>Completely soluble in cool water, convinient to drink anytime and anywhere.<\/p>\n<div class=\"page\" title=\"Page 2\">\n<div class=\"section\">\n<div class=\"layoutArea\">\n<div class=\"column\">\n<p>*** Note: Do not stir with hot water.<\/p>\n<\/div>\n<\/div>\n<\/div>\n<\/div>\n","protected":false},"featured_media":2841,"comment_status":"closed","ping_status":"closed","template":"","meta":{"inline_featured_image":false},"product_brand":[],"product_cat":[59,82],"product_tag":[],"class_list":{"0":"post-2107","1":"product","2":"type-product","3":"status-publish","4":"has-post-thumbnail","6":"product_cat-product","7":"product_cat-fruit-iced-tea","9":"first","10":"instock","11":"taxable","12":"shipping-taxable","13":"purchasable","14":"product-type-simple"},"_links":{"self":[{"href":"https:\/\/archcafe.net\/en\/wp-json\/wp\/v2\/product\/2107","targetHints":{"allow":["GET"]}}],"collection":[{"href":"https:\/\/archcafe.net\/en\/wp-json\/wp\/v2\/product"}],"about":[{"href":"https:\/\/archcafe.net\/en\/wp-json\/wp\/v2\/types\/product"}],"replies":[{"embeddable":true,"href":"https:\/\/archcafe.net\/en\/wp-json\/wp\/v2\/comments?post=2107"}],"wp:featuredmedia":[{"embeddable":true,"href":"https:\/\/archcafe.net\/en\/wp-json\/wp\/v2\/media\/2841"}],"wp:attachment":[{"href":"https:\/\/archcafe.net\/en\/wp-json\/wp\/v2\/media?parent=2107"}],"wp:term":[{"taxonomy":"product_brand","embeddable":true,"href":"https:\/\/archcafe.net\/en\/wp-json\/wp\/v2\/product_brand?post=2107"},{"taxonomy":"product_cat","embeddable":true,"href":"https:\/\/archcafe.net\/en\/wp-json\/wp\/v2\/product_cat?post=2107"},{"taxonomy":"product_tag","embeddable":true,"href":"https:\/\/archcafe.net\/en\/wp-json\/wp\/v2\/product_tag?post=2107"}],"curies":[{"name":"wp","href":"https:\/\/api.w.org\/{rel}","templated":true}]}}