{"id":2122,"date":"2021-03-10T10:37:46","date_gmt":"2021-03-10T03:37:46","guid":{"rendered":"https:\/\/archcafe.net\/product\/tra-dau-da\/"},"modified":"2026-04-15T03:39:48","modified_gmt":"2026-04-14T20:39:48","slug":"strawberry-iced-tea","status":"publish","type":"product","link":"https:\/\/archcafe.net\/en\/product\/strawberry-iced-tea\/","title":{"rendered":"Strawberry Iced Tea"},"content":{"rendered":"<p><img loading=\"lazy\" decoding=\"async\" class=\"aligncenter wp-image-507 size-full\" src=\"https:\/\/archcafe.net\/wp-content\/uploads\/2021\/03\/09153529_4.png\" alt=\"ARCHCAFE STRAWBERRY ICED TEA\" width=\"1685\" height=\"864\" srcset=\"https:\/\/archcafe.net\/wp-content\/uploads\/2021\/03\/09153529_4.png 1685w, https:\/\/archcafe.net\/wp-content\/uploads\/2021\/03\/09153529_4-1536x788.png 1536w, https:\/\/archcafe.net\/wp-content\/uploads\/2021\/03\/09153529_4-600x308.png 600w\" sizes=\"auto, (max-width: 1685px) 100vw, 1685px\" \/><\/p>\n<p>Sweet strawberries, light tea \u2014 cool and refreshing.<\/p>\n<p>What makes Archcaf\u00e9 Strawberry Iced Tea special?<\/p>\n<p>A perfect harmony of sweet strawberry blended with light, refreshing tea.<\/p>\n<p>Each sip brings a burst of freshness and coolness.<\/p>\n<p>Fully dissolves in cold water.<\/p>\n<p><strong>*** Note: Do not stir with hot water.<\/strong><\/p>\n<div>\n<div>\n<div><strong>SPECIFICATION:<\/strong><\/div>\n<div>\n<div>\n<ul>\n<li>12 sachets\/ 1 box<\/li>\n<li>12 boxes\/1 carton<\/li>\n<\/ul>\n<\/div>\n<\/div>\n<\/div>\n<div>\n<div><span style=\"color: #ed1c24;\"><strong>UNIT PRICE: <span style=\"font-size: 14.4px;\">65,000<\/span><span class=\"s-price\" style=\"font-size: 14.4px;\">\u0111<\/span><\/strong><\/span><\/div>\n<\/div>\n<div>\n<div><span style=\"color: #ed1c24;\"><strong>CARTON PRICE: <span style=\"font-size: 14.4px;\">780,000<\/span><span class=\"s-price\" style=\"font-size: 14.4px;\">\u0111<\/span><\/strong><\/span><\/div>\n<\/div>\n<\/div>\n<div>\n<div><img loading=\"lazy\" decoding=\"async\" class=\"alignnone size-full wp-image-2128\" src=\"https:\/\/archcafe.net\/wp-content\/uploads\/2021\/03\/Dau-HDPC-TA.png\" alt=\"\" width=\"2158\" height=\"972\" srcset=\"https:\/\/archcafe.net\/wp-content\/uploads\/2021\/03\/Dau-HDPC-TA.png 2158w, https:\/\/archcafe.net\/wp-content\/uploads\/2021\/03\/Dau-HDPC-TA-1536x692.png 1536w, https:\/\/archcafe.net\/wp-content\/uploads\/2021\/03\/Dau-HDPC-TA-2048x922.png 2048w, https:\/\/archcafe.net\/wp-content\/uploads\/2021\/03\/Dau-HDPC-TA-600x270.png 600w\" sizes=\"auto, (max-width: 2158px) 100vw, 2158px\" \/><\/div>\n<div>\n<p><strong>INGREDIENTS:<\/strong> Sugar (72%), Glucose (17.8%), Freeze dried strawberry powder (3.4%), Green tea extract (2.9%), Acid citric (E330) (2.9%), Stevia (0.5%), Artificial strawberry flavor (0.5%).<\/p>\n<p><strong>STORAGE INSTRUCTIONS:<\/strong> Store in a cool, dry place.<\/p>\n<p><strong>RECOMMENDATION:<\/strong> Store the product according to the manufacturer&#8217;s instructions.<\/p>\n<p><strong>FOOD SAFETY WARNING:<\/strong> Do not use the product after its expiration date.<\/p>\n<p>Expiration date is printed on the packaging.<\/p>\n<p><strong>PRODUCT OF: ARCHCAFE JOINT STOCK COMPANY<\/strong><\/p>\n<ul>\n<li dir=\"ltr\">Head quater: 81\/15 Nguy\u1ec5n C\u1eedu V\u00e2n Street, Gia \u0110\u1ecbnh Ward, Ho Chi Minh City, Vietnam.<\/li>\n<li dir=\"ltr\">Office: 58 Nguy\u1ec5n B\u1ec9nh Khi\u00eam Street, T\u00e2n \u0110\u1ecbnh Ward, Ho Chi Minh City, Vietnam<\/li>\n<li dir=\"ltr\">Phone: (08) 6684 0166<\/li>\n<li dir=\"ltr\">Fanpage: <a href=\"https:\/\/www.facebook.com\/archcafe88\" target=\"_blank\" rel=\"noopener\">https:\/\/www.facebook.com\/archcafe88<\/a><\/li>\n<\/ul>\n<p>You can also contact us via Zalo at 0933.038.816 to get support and receive the most attractive promotions.<\/p>\n<\/div>\n<\/div>\n","protected":false},"excerpt":{"rendered":"<p>Sweet strawberries, light tea \u2014 cool and refreshing.<\/p>\n<p>What makes Archcaf\u00e9 Strawberry Iced Tea special?<\/p>\n<p>A perfect harmony of sweet strawberry blended with light, refreshing tea.<\/p>\n<p>Each sip brings a burst of freshness and coolness.<\/p>\n<p>Fully dissolves in cold water.<\/p>\n<p>*** Note: Do not stir with hot water.<\/p>\n","protected":false},"featured_media":2375,"comment_status":"closed","ping_status":"closed","template":"","meta":{"inline_featured_image":false},"product_brand":[],"product_cat":[59,82],"product_tag":[],"class_list":{"0":"post-2122","1":"product","2":"type-product","3":"status-publish","4":"has-post-thumbnail","6":"product_cat-product","7":"product_cat-fruit-iced-tea","9":"first","10":"instock","11":"taxable","12":"shipping-taxable","13":"purchasable","14":"product-type-simple"},"_links":{"self":[{"href":"https:\/\/archcafe.net\/en\/wp-json\/wp\/v2\/product\/2122","targetHints":{"allow":["GET"]}}],"collection":[{"href":"https:\/\/archcafe.net\/en\/wp-json\/wp\/v2\/product"}],"about":[{"href":"https:\/\/archcafe.net\/en\/wp-json\/wp\/v2\/types\/product"}],"replies":[{"embeddable":true,"href":"https:\/\/archcafe.net\/en\/wp-json\/wp\/v2\/comments?post=2122"}],"wp:featuredmedia":[{"embeddable":true,"href":"https:\/\/archcafe.net\/en\/wp-json\/wp\/v2\/media\/2375"}],"wp:attachment":[{"href":"https:\/\/archcafe.net\/en\/wp-json\/wp\/v2\/media?parent=2122"}],"wp:term":[{"taxonomy":"product_brand","embeddable":true,"href":"https:\/\/archcafe.net\/en\/wp-json\/wp\/v2\/product_brand?post=2122"},{"taxonomy":"product_cat","embeddable":true,"href":"https:\/\/archcafe.net\/en\/wp-json\/wp\/v2\/product_cat?post=2122"},{"taxonomy":"product_tag","embeddable":true,"href":"https:\/\/archcafe.net\/en\/wp-json\/wp\/v2\/product_tag?post=2122"}],"curies":[{"name":"wp","href":"https:\/\/api.w.org\/{rel}","templated":true}]}}