{"id":2137,"date":"2021-03-10T10:38:19","date_gmt":"2021-03-10T03:38:19","guid":{"rendered":"https:\/\/archcafe.net\/product\/vietnamicano-ca-phe-da-viet-nam\/"},"modified":"2026-04-15T03:39:48","modified_gmt":"2026-04-14T20:39:48","slug":"vietnamicano-vietnamese-iced-coffee","status":"publish","type":"product","link":"https:\/\/archcafe.net\/en\/product\/vietnamicano-vietnamese-iced-coffee\/","title":{"rendered":"Vietnamicano &#8211; Vietnamese Iced Coffee"},"content":{"rendered":"<p><img loading=\"lazy\" decoding=\"async\" class=\"alignnone wp-image-514 size-full\" src=\"https:\/\/archcafe.net\/wp-content\/uploads\/2021\/03\/08031967_Banner-VN.png\" alt=\"Archcafe Vietnam Iced Coffee\" width=\"2048\" height=\"1047\" srcset=\"https:\/\/archcafe.net\/wp-content\/uploads\/2021\/03\/08031967_Banner-VN.png 2048w, https:\/\/archcafe.net\/wp-content\/uploads\/2021\/03\/08031967_Banner-VN-1536x785.png 1536w, https:\/\/archcafe.net\/wp-content\/uploads\/2021\/03\/08031967_Banner-VN-600x307.png 600w\" sizes=\"auto, (max-width: 2048px) 100vw, 2048px\" \/><\/p>\n<p>Iced coffee is a long-standing favorite drink of the Vietnamese.<\/p>\n<p>What makes Archcaf\u00e9 Vietnamicano different?<\/p>\n<p>&#8211; Breakthrough fomular: solubling completely in cool water but still remain the authentic strong taste of coffee. From now on, you can enjoy Archcaf\u00e9 anytime and anywhere.<\/p>\n<p>&#8211; Vietnamese pure coffee combined with coconut sugar to make a perfect cup of Vietnamese Iced Coffee.<\/p>\n<div>\n<div>\n<div><strong>Specification:<\/strong><\/div>\n<div>\n<div>\n<p>12 sachets\/ 1 box<\/p>\n<p>12 boxes\/1 carton<\/p>\n<\/div>\n<\/div>\n<\/div>\n<div>\n<div><span style=\"color: #ed1c24;\"><strong>Price box: <span style=\"font-size: 14.4px;\">65,000<\/span><span class=\"s-price\" style=\"font-size: 14.4px;\">\u0111<\/span><\/strong><\/span><\/div>\n<\/div>\n<div>\n<div><span style=\"color: #ed1c24;\"><strong>Price barrel: <span style=\"font-size: 14.4px;\">780,000<\/span><span class=\"s-price\" style=\"font-size: 14.4px;\">\u0111<\/span><\/strong><\/span><\/div>\n<\/div>\n<\/div>\n<div><img loading=\"lazy\" decoding=\"async\" class=\"alignnone size-full wp-image-2141\" src=\"https:\/\/archcafe.net\/wp-content\/uploads\/2021\/03\/Anh-chup-Man-hinh-2019-06-21-luc-2_22_29-CH.png\" alt=\"\" width=\"2208\" height=\"1428\" srcset=\"https:\/\/archcafe.net\/wp-content\/uploads\/2021\/03\/Anh-chup-Man-hinh-2019-06-21-luc-2_22_29-CH.png 2208w, https:\/\/archcafe.net\/wp-content\/uploads\/2021\/03\/Anh-chup-Man-hinh-2019-06-21-luc-2_22_29-CH-1536x993.png 1536w, https:\/\/archcafe.net\/wp-content\/uploads\/2021\/03\/Anh-chup-Man-hinh-2019-06-21-luc-2_22_29-CH-2048x1325.png 2048w, https:\/\/archcafe.net\/wp-content\/uploads\/2021\/03\/Anh-chup-Man-hinh-2019-06-21-luc-2_22_29-CH-600x388.png 600w\" sizes=\"auto, (max-width: 2208px) 100vw, 2208px\" \/><\/div>\n<div>\n<p><strong>INGREDIENTS<\/strong>:\u00a0Glucose (43.1%), Coffee powder (32.97%), Coconut sugar (11.5%), Coconut water powder (maltodextrin, coconut water) (11.4%), Iodized salt (1%), Artificial coffee flavor (0.03%).<\/p>\n<div>\n<p><strong>STORAGE INSTRUCTIONS:<\/strong> Store in a cool, dry place.<\/p>\n<p><strong>RECOMMENDATION:<\/strong>\u00a0 Store the product according to the manufacturer&#8217;s instructions.<\/p>\n<p><strong>FOOD SAFETY WARNING:<\/strong> Do not use the product after its expiration date.<\/p>\n<p>Expiration date is printed on the packaging.<\/p>\n<p><strong>PRODUCT OF: ARCHCAFE JOINT STOCK COMPANY<\/strong><\/p>\n<ul>\n<li dir=\"ltr\">Head quater: 81\/15 Nguy\u1ec5n C\u1eedu V\u00e2n Street, Gia \u0110\u1ecbnh Ward, Ho Chi Minh City, Vietnam.<\/li>\n<li dir=\"ltr\">Office: 58 Nguy\u1ec5n B\u1ec9nh Khi\u00eam Street, T\u00e2n \u0110\u1ecbnh Ward, Ho Chi Minh City, Vietnam<\/li>\n<li dir=\"ltr\">Phone: (08) 6684 0166<\/li>\n<li dir=\"ltr\">Fanpage: <a href=\"https:\/\/www.facebook.com\/archcafe88\" target=\"_blank\" rel=\"noopener\">https:\/\/www.facebook.com\/archcafe88<\/a><\/li>\n<\/ul>\n<p>You can also contact us via Zalo at 0933.038.816 to get support and receive the most attractive promotions.<\/p>\n<\/div>\n<\/div>\n","protected":false},"excerpt":{"rendered":"<p>Iced coffee is a long-standing favorite drink of the Vietnamese.<\/p>\n<p>What makes Archcaf\u00e9 Vietnamicano different?<\/p>\n<p>&#8211; Breakthrough fomular: solubling completely in cool water but still remain the authentic strong taste of coffee. From now on, you can enjoy Archcaf\u00e9 anytime and anywhere.<\/p>\n<p>&#8211; Vietnamese pure coffee combined with coconut sugar to make a perfect cup of Vietnamese Iced Coffee.<\/p>\n","protected":false},"featured_media":2846,"comment_status":"closed","ping_status":"closed","template":"","meta":{"inline_featured_image":false},"product_brand":[],"product_cat":[59,57],"product_tag":[],"class_list":{"0":"post-2137","1":"product","2":"type-product","3":"status-publish","4":"has-post-thumbnail","6":"product_cat-product","7":"product_cat-cappuccino-beverages","9":"first","10":"instock","11":"taxable","12":"shipping-taxable","13":"purchasable","14":"product-type-simple"},"_links":{"self":[{"href":"https:\/\/archcafe.net\/en\/wp-json\/wp\/v2\/product\/2137","targetHints":{"allow":["GET"]}}],"collection":[{"href":"https:\/\/archcafe.net\/en\/wp-json\/wp\/v2\/product"}],"about":[{"href":"https:\/\/archcafe.net\/en\/wp-json\/wp\/v2\/types\/product"}],"replies":[{"embeddable":true,"href":"https:\/\/archcafe.net\/en\/wp-json\/wp\/v2\/comments?post=2137"}],"wp:featuredmedia":[{"embeddable":true,"href":"https:\/\/archcafe.net\/en\/wp-json\/wp\/v2\/media\/2846"}],"wp:attachment":[{"href":"https:\/\/archcafe.net\/en\/wp-json\/wp\/v2\/media?parent=2137"}],"wp:term":[{"taxonomy":"product_brand","embeddable":true,"href":"https:\/\/archcafe.net\/en\/wp-json\/wp\/v2\/product_brand?post=2137"},{"taxonomy":"product_cat","embeddable":true,"href":"https:\/\/archcafe.net\/en\/wp-json\/wp\/v2\/product_cat?post=2137"},{"taxonomy":"product_tag","embeddable":true,"href":"https:\/\/archcafe.net\/en\/wp-json\/wp\/v2\/product_tag?post=2137"}],"curies":[{"name":"wp","href":"https:\/\/api.w.org\/{rel}","templated":true}]}}