{"id":2153,"date":"2021-03-10T10:40:44","date_gmt":"2021-03-10T03:40:44","guid":{"rendered":"https:\/\/archcafe.net\/product\/chocolate-sua\/"},"modified":"2026-04-15T03:39:47","modified_gmt":"2026-04-14T20:39:47","slug":"choco-latte","status":"publish","type":"product","link":"https:\/\/archcafe.net\/en\/product\/choco-latte\/","title":{"rendered":"Choco Latte"},"content":{"rendered":"<p><img loading=\"lazy\" decoding=\"async\" class=\"alignnone wp-image-521 size-full\" src=\"https:\/\/archcafe.net\/wp-content\/uploads\/2021\/03\/18193283_choco-TV.png\" alt=\"Archcafe Chocolate Latte \" width=\"1999\" height=\"1010\" srcset=\"https:\/\/archcafe.net\/wp-content\/uploads\/2021\/03\/18193283_choco-TV.png 1999w, https:\/\/archcafe.net\/wp-content\/uploads\/2021\/03\/18193283_choco-TV-1536x776.png 1536w, https:\/\/archcafe.net\/wp-content\/uploads\/2021\/03\/18193283_choco-TV-600x303.png 600w\" sizes=\"auto, (max-width: 1999px) 100vw, 1999px\" \/><\/p>\n<p>Natural chocolate from cocoa seed blended with creamy creamer for a delicious Choco Latte that you can\u2019t find elsewhere.<\/p>\n<p>Enjoy Archcaf\u00e9 Choco Latte hot, cold or ice-blended, enjoy your life at its most.<\/p>\n<div>\n<div>\n<div><strong>SPECIFICATION:<\/strong><\/div>\n<div>\n<div>\n<ul>\n<li>12 sticks \/ 1 box<\/li>\n<li>12 boxes \/ 1 carton<\/li>\n<\/ul>\n<\/div>\n<\/div>\n<\/div>\n<div>\n<div><span style=\"color: #ed1c24;\"><strong>UNIT PRICE: <span style=\"font-size: 14.4px;\">65,000<\/span><span class=\"s-price\" style=\"font-size: 14.4px;\">\u0111<\/span><\/strong><\/span><\/div>\n<\/div>\n<div>\n<div><span style=\"color: #ed1c24;\"><strong>CARTON PRICE: <span style=\"font-size: 14.4px;\">780,000<\/span><span class=\"s-price\" style=\"font-size: 14.4px;\">\u0111<\/span><\/strong><\/span><\/div>\n<\/div>\n<\/div>\n<div><img loading=\"lazy\" decoding=\"async\" class=\"size-full wp-image-2157 aligncenter\" src=\"https:\/\/archcafe.net\/wp-content\/uploads\/2021\/03\/choco-TA.png\" alt=\"\" width=\"1758\" height=\"1125\" srcset=\"https:\/\/archcafe.net\/wp-content\/uploads\/2021\/03\/choco-TA.png 1758w, https:\/\/archcafe.net\/wp-content\/uploads\/2021\/03\/choco-TA-1536x983.png 1536w, https:\/\/archcafe.net\/wp-content\/uploads\/2021\/03\/choco-TA-600x384.png 600w\" sizes=\"auto, (max-width: 1758px) 100vw, 1758px\" \/><\/div>\n<div><b>INGREDIENTS<\/b>: Sugar (42.3%), Non-dairy creamer (glucose syrup solids, hydrogenated vegetable fat, milk protein, stabilizer (E340(ii), E451(i)), emulsifier (E471, E472e, E1450) and free flowing agent (E551)) (24.5%), Cocoa powder (20%), Glucose (7.3%), Foaming creamer (glucose syrup solid, vegetable fat, milk solid, stabilizer (E340(ii)), emulsifier (E481(i)) and artificial flavour) (5.4%), Iodized salt (0.5%).<\/div>\n<div>\n<p><strong>STORAGE INSTRUCTIONS:<\/strong> Store in a cool, dry place.<\/p>\n<p><strong>RECOMMENDATION:<\/strong> Do not use the product after its expiration date. Store the product according to the manufacturer&#8217;s instructions.<\/p>\n<p><strong>FOOD SAFETY WARNING:<\/strong> Contains milk ingredients. May contain soy and gluten.<\/p>\n<p>Expiration date is printed on the packaging.<\/p>\n<p><strong>PRODUCT OF: ARCHCAFE JOINT STOCK COMPANY<\/strong><\/p>\n<ul>\n<li dir=\"ltr\">Head quater: 81\/15 Nguy\u1ec5n C\u1eedu V\u00e2n Street, Gia \u0110\u1ecbnh Ward, Ho Chi Minh City, Vietnam.<\/li>\n<li dir=\"ltr\">Office: 58 Nguy\u1ec5n B\u1ec9nh Khi\u00eam Street, T\u00e2n \u0110\u1ecbnh Ward, Ho Chi Minh City, Vietnam<\/li>\n<li dir=\"ltr\">Phone: (08) 6684 0166<\/li>\n<li dir=\"ltr\">Fanpage: <a href=\"https:\/\/www.facebook.com\/archcafe88\" target=\"_blank\" rel=\"noopener\">https:\/\/www.facebook.com\/archcafe88<\/a><\/li>\n<\/ul>\n<p>You can also contact us via Zalo at 0933.038.816 to get support and receive the most attractive promotions.<\/p>\n<\/div>\n","protected":false},"excerpt":{"rendered":"<p>Natural chocolate from cocoa seed blended with creamy creamer for a delicious Choco Latte that you can\u2019t find elsewhere.<\/p>\n<p>Enjoy Archcaf\u00e9 Choco Latte hot, cold or ice-blended, enjoy your life at its most.<\/p>\n","protected":false},"featured_media":2848,"comment_status":"closed","ping_status":"closed","template":"","meta":{"inline_featured_image":false},"product_brand":[],"product_cat":[59,87],"product_tag":[],"class_list":{"0":"post-2153","1":"product","2":"type-product","3":"status-publish","4":"has-post-thumbnail","6":"product_cat-product","7":"product_cat-chocolate-matcha-en","9":"first","10":"instock","11":"taxable","12":"shipping-taxable","13":"purchasable","14":"product-type-simple"},"_links":{"self":[{"href":"https:\/\/archcafe.net\/en\/wp-json\/wp\/v2\/product\/2153","targetHints":{"allow":["GET"]}}],"collection":[{"href":"https:\/\/archcafe.net\/en\/wp-json\/wp\/v2\/product"}],"about":[{"href":"https:\/\/archcafe.net\/en\/wp-json\/wp\/v2\/types\/product"}],"replies":[{"embeddable":true,"href":"https:\/\/archcafe.net\/en\/wp-json\/wp\/v2\/comments?post=2153"}],"wp:featuredmedia":[{"embeddable":true,"href":"https:\/\/archcafe.net\/en\/wp-json\/wp\/v2\/media\/2848"}],"wp:attachment":[{"href":"https:\/\/archcafe.net\/en\/wp-json\/wp\/v2\/media?parent=2153"}],"wp:term":[{"taxonomy":"product_brand","embeddable":true,"href":"https:\/\/archcafe.net\/en\/wp-json\/wp\/v2\/product_brand?post=2153"},{"taxonomy":"product_cat","embeddable":true,"href":"https:\/\/archcafe.net\/en\/wp-json\/wp\/v2\/product_cat?post=2153"},{"taxonomy":"product_tag","embeddable":true,"href":"https:\/\/archcafe.net\/en\/wp-json\/wp\/v2\/product_tag?post=2153"}],"curies":[{"name":"wp","href":"https:\/\/api.w.org\/{rel}","templated":true}]}}