{"id":2183,"date":"2021-03-10T10:42:18","date_gmt":"2021-03-10T03:42:18","guid":{"rendered":"https:\/\/archcafe.net\/product\/ca-phe-sua-dac-tui\/"},"modified":"2026-04-15T03:39:47","modified_gmt":"2026-04-14T20:39:47","slug":"condensed-milk-coffee-bag","status":"publish","type":"product","link":"https:\/\/archcafe.net\/en\/product\/condensed-milk-coffee-bag\/","title":{"rendered":"Condensed Milk Coffee (Bag)"},"content":{"rendered":"<p><img loading=\"lazy\" decoding=\"async\" class=\"alignnone wp-image-536 size-full\" src=\"https:\/\/archcafe.net\/wp-content\/uploads\/2021\/03\/09443216_7.jpg\" alt=\"ARCHCAFE CONDENSED MILK COFFEE\" width=\"2048\" height=\"1366\" srcset=\"https:\/\/archcafe.net\/wp-content\/uploads\/2021\/03\/09443216_7.jpg 2048w, https:\/\/archcafe.net\/wp-content\/uploads\/2021\/03\/09443216_7-1536x1025.jpg 1536w, https:\/\/archcafe.net\/wp-content\/uploads\/2021\/03\/09443216_7-600x400.jpg 600w\" sizes=\"auto, (max-width: 2048px) 100vw, 2048px\" \/><\/p>\n<p>Vietnamese coffee with condensed milk (Ca Phe Sua Dac) is always a must for any foreigners setting foot in this country because of its perfect combination that enables a unique taste.<\/p>\n<p>With Archcaf\u00e9, it\u2019s not just a drink, it\u2019s the art of harmonizing condensed milk powder with premium Vietnamese coffee for bitter-sweet taste that you can only find in Archcaf\u00e9. Enjoy Archcaf\u00e9 \u201cCondensed milk coffee\u201d, enjoy the elite of Vietnamese food art.<\/p>\n<div>\n<div>\n<div><strong>SPEICIFICATION:<\/strong><\/div>\n<div>\n<div>\n<ul>\n<li>50 sticks \/ 1 bag<\/li>\n<li>8 bags \/ 1 carton<\/li>\n<\/ul>\n<\/div>\n<\/div>\n<\/div>\n<div>\n<div><span style=\"color: #ed1c24;\"><strong>UNIT PRICE: <span style=\"font-size: 14.4px;\">175,000<\/span><span class=\"s-price\" style=\"font-size: 14.4px;\">\u0111<\/span><\/strong><\/span><\/div>\n<\/div>\n<div>\n<div><span style=\"color: #ed1c24;\"><strong>CARTON PRICE: <span style=\"font-size: 14.4px;\">1,400,000<\/span><span class=\"s-price\" style=\"font-size: 14.4px;\">\u0111<\/span><\/strong><\/span><\/div>\n<\/div>\n<\/div>\n<div><img loading=\"lazy\" decoding=\"async\" class=\"size-full wp-image-2171 aligncenter\" src=\"https:\/\/archcafe.net\/wp-content\/uploads\/2021\/03\/Anh-chup-Man-hinh-2019-09-24-luc-4_50_19-CH-1.png\" alt=\"\" width=\"1836\" height=\"1174\" srcset=\"https:\/\/archcafe.net\/wp-content\/uploads\/2021\/03\/Anh-chup-Man-hinh-2019-09-24-luc-4_50_19-CH-1.png 1836w, https:\/\/archcafe.net\/wp-content\/uploads\/2021\/03\/Anh-chup-Man-hinh-2019-09-24-luc-4_50_19-CH-1-1536x982.png 1536w, https:\/\/archcafe.net\/wp-content\/uploads\/2021\/03\/Anh-chup-Man-hinh-2019-09-24-luc-4_50_19-CH-1-600x384.png 600w\" sizes=\"auto, (max-width: 1836px) 100vw, 1836px\" \/><\/div>\n<div><strong>INGREDIENTS:<\/strong> Sugar (33.3%), Condensed milk powder (glucose syrup, vegetable oil, milk powder, sugar, sodium caseinate, stabilizer (E340(ii), E452(i)), emulsifier (E471), silicon dioxide (E551), sodium citrate (E331(iii)), sodium chloride, artificial flavor) (27%), Maltodextrin (24.2%), Coffee powder (15.5%).<\/div>\n<div>\n<p><strong>STORAGE INSTRUCTIONS:<\/strong> Store in a cool, dry place.<\/p>\n<p><strong>RECOMMENDATION:<\/strong> Do not use the product after its expiration date. Store the product according to the manufacturer&#8217;s instructions.<\/p>\n<p><strong>FOOD SAFETY WARNING:<\/strong> Contains milk ingredients. May contain soy and gluten.<\/p>\n<p>Expiration date is printed on the packaging.<\/p>\n<p><strong>PRODUCT OF: ARCHCAFE JOINT STOCK COMPANY<\/strong><\/p>\n<ul>\n<li dir=\"ltr\">Head quater: 81\/15 Nguy\u1ec5n C\u1eedu V\u00e2n Street, Gia \u0110\u1ecbnh Ward, Ho Chi Minh City, Vietnam.<\/li>\n<li dir=\"ltr\">Office: 58 Nguy\u1ec5n B\u1ec9nh Khi\u00eam Street, T\u00e2n \u0110\u1ecbnh Ward, Ho Chi Minh City, Vietnam<\/li>\n<li dir=\"ltr\">Phone: (08) 6684 0166<\/li>\n<li dir=\"ltr\">Fanpage: <a href=\"https:\/\/www.facebook.com\/archcafe88\" target=\"_blank\" rel=\"noopener\">https:\/\/www.facebook.com\/archcafe88<\/a><\/li>\n<\/ul>\n<p>You can also contact us via Zalo at 0933.038.816 to get support and receive the most attractive promotions.<\/p>\n<\/div>\n","protected":false},"excerpt":{"rendered":"<p>Vietnamese coffee with condensed milk (Ca Phe Sua Dac) is always a must for any foreigners setting foot in this country because of its perfect combination that enables a unique taste.<\/p>\n<p>With Archcaf\u00e9, it\u2019s not just a drink, it\u2019s the art of harmonizing condensed milk powder with premium Vietnamese coffee for bitter-sweet taste that you can only find in Archcaf\u00e9. Enjoy Archcaf\u00e9 \u201cCondensed milk coffee\u201d, enjoy the elite of Vietnamese food art.<\/p>\n","protected":false},"featured_media":2425,"comment_status":"closed","ping_status":"closed","template":"","meta":{"inline_featured_image":false},"product_brand":[],"product_cat":[59,57],"product_tag":[],"class_list":{"0":"post-2183","1":"product","2":"type-product","3":"status-publish","4":"has-post-thumbnail","6":"product_cat-product","7":"product_cat-cappuccino-beverages","9":"first","10":"instock","11":"taxable","12":"shipping-taxable","13":"purchasable","14":"product-type-simple"},"_links":{"self":[{"href":"https:\/\/archcafe.net\/en\/wp-json\/wp\/v2\/product\/2183","targetHints":{"allow":["GET"]}}],"collection":[{"href":"https:\/\/archcafe.net\/en\/wp-json\/wp\/v2\/product"}],"about":[{"href":"https:\/\/archcafe.net\/en\/wp-json\/wp\/v2\/types\/product"}],"replies":[{"embeddable":true,"href":"https:\/\/archcafe.net\/en\/wp-json\/wp\/v2\/comments?post=2183"}],"wp:featuredmedia":[{"embeddable":true,"href":"https:\/\/archcafe.net\/en\/wp-json\/wp\/v2\/media\/2425"}],"wp:attachment":[{"href":"https:\/\/archcafe.net\/en\/wp-json\/wp\/v2\/media?parent=2183"}],"wp:term":[{"taxonomy":"product_brand","embeddable":true,"href":"https:\/\/archcafe.net\/en\/wp-json\/wp\/v2\/product_brand?post=2183"},{"taxonomy":"product_cat","embeddable":true,"href":"https:\/\/archcafe.net\/en\/wp-json\/wp\/v2\/product_cat?post=2183"},{"taxonomy":"product_tag","embeddable":true,"href":"https:\/\/archcafe.net\/en\/wp-json\/wp\/v2\/product_tag?post=2183"}],"curies":[{"name":"wp","href":"https:\/\/api.w.org\/{rel}","templated":true}]}}