{"id":2191,"date":"2021-03-10T10:42:55","date_gmt":"2021-03-10T03:42:55","guid":{"rendered":"https:\/\/archcafe.net\/product\/cappuccino-dua-hop\/"},"modified":"2026-04-15T03:39:47","modified_gmt":"2026-04-14T20:39:47","slug":"coconut-cappuccino-box","status":"publish","type":"product","link":"https:\/\/archcafe.net\/en\/product\/coconut-cappuccino-box\/","title":{"rendered":"Coconut Cappuccino (Box)"},"content":{"rendered":"<p><img loading=\"lazy\" decoding=\"async\" class=\"alignnone wp-image-542 size-full\" src=\"https:\/\/archcafe.net\/wp-content\/uploads\/2021\/03\/18132326_dua-TV.png\" alt=\"Archcafe Coconut Cappuccino \" width=\"1999\" height=\"1006\" \/><\/p>\n<p>Simple, interesting, great taste, Archcaf\u00e9 Coconut Cappuccino (Cococino) is a perfect combination of Eastern flavor and Western coffee-enjoying style.<\/p>\n<p>Fragrant cappuccino from Italy and sweet coconut from Ben Tre, will bring you a delicious cup of coffee. Creating the drink that the Vietnamese and the world love.<\/p>\n<p>Enjoy Archcaf\u00e9 Cococino, hot, cold or ice-blended daily, enjoy your life at its most.<\/p>\n<div>\n<div>\n<div><strong>SPECIFICATION:<\/strong><\/div>\n<div>\n<div>\n<ul>\n<li>12 sticks \/ 1 box<\/li>\n<li>12 boxes \/ 1 carton<\/li>\n<\/ul>\n<\/div>\n<\/div>\n<\/div>\n<div>\n<div><span style=\"color: #ed1c24;\"><strong>UNIT PRICE: <span style=\"font-size: 14.4px;\">65,000<\/span><span class=\"s-price\" style=\"font-size: 14.4px;\">\u0111<\/span><\/strong><\/span><\/div>\n<\/div>\n<div>\n<div><span style=\"color: #ed1c24;\"><strong>CARTON PRICE: <span style=\"font-size: 14.4px;\">780,000<\/span><span class=\"s-price\" style=\"font-size: 14.4px;\">\u0111<\/span><\/strong><\/span><\/div>\n<\/div>\n<\/div>\n<div><img loading=\"lazy\" decoding=\"async\" class=\"size-full wp-image-2197 aligncenter\" src=\"https:\/\/archcafe.net\/wp-content\/uploads\/2021\/03\/Cappu-dua-TA.png\" alt=\"\" width=\"1758\" height=\"1125\" srcset=\"https:\/\/archcafe.net\/wp-content\/uploads\/2021\/03\/Cappu-dua-TA.png 1758w, https:\/\/archcafe.net\/wp-content\/uploads\/2021\/03\/Cappu-dua-TA-1536x983.png 1536w, https:\/\/archcafe.net\/wp-content\/uploads\/2021\/03\/Cappu-dua-TA-600x384.png 600w\" sizes=\"auto, (max-width: 1758px) 100vw, 1758px\" \/><\/div>\n<div>\n<p><strong>INGREDIENTS:<\/strong> Sugar (36%), Coconut milk powder (coconut milk, maltose, sodium caseinate)(27.5%), Non-dairy creamer (glucose syrup solids, hydrogenated vegetable fat, milk protein, stabilizer (E340(ii), E451(i)), emulsifier (E471, E472e, E1450) and free flowing agent (E551)) (25.5%), Coffee powder (8.5%), Iodized salt (1.8%), Cocoa powder (0.5%), Artificial coconut flavor (0.2%).<\/p>\n<div>\n<div>\n<p><strong>STORAGE INSTRUCTIONS:<\/strong> Store in a cool, dry place.<\/p>\n<p><strong>RECOMMENDATION:<\/strong> Do not use the product after its expiration date. Store the product according to the manufacturer&#8217;s instructions.<\/p>\n<p><strong>FOOD SAFETY WARNING:<\/strong> Contains milk ingredients. May contain soy and gluten.<\/p>\n<p>Expiration date is printed on the packaging.<\/p>\n<p><strong>PRODUCT OF: ARCHCAFE JOINT STOCK COMPANY<\/strong><br \/>\nHead quater: 81\/15 Nguy\u1ec5n C\u1eedu V\u00e2n Street, Gia \u0110\u1ecbnh Ward, Ho Chi Minh City, Vietnam.<\/p>\n<\/div>\n<div>Office: 58 Nguy\u1ec5n B\u1ec9nh Khi\u00eam Street, T\u00e2n \u0110\u1ecbnh Ward, Ho Chi Minh City, Vietnam<br \/>\nPhone: (08) 6684 0166<br \/>\nFanpage: <a href=\"https:\/\/www.facebook.com\/archcafe88\" target=\"_blank\" rel=\"noopener\">https:\/\/www.facebook.com\/archcafe88<br \/>\n<\/a>You can also contact us via Zalo at 0933.038.816 to get support and receive the most attractive promotions.<\/div>\n<\/div>\n<\/div>\n","protected":false},"excerpt":{"rendered":"<p>Simple, interesting, great taste, Archcaf\u00e9 Coconut Cappuccino (Cococino) is a perfect combination of Eastern flavor and Western coffee-enjoying style.<\/p>\n<p>Fragrant cappuccino from Italy and sweet coconut from Ben Tre, will bring you a delicious cup of coffee. Creating the drink that the Vietnamese and the world love.<\/p>\n<p>Enjoy Archcaf\u00e9 Cococino, hot, cold or ice-blended daily, enjoy your life at its most.<\/p>\n","protected":false},"featured_media":2830,"comment_status":"closed","ping_status":"closed","template":"","meta":{"inline_featured_image":false},"product_brand":[],"product_cat":[59,57],"product_tag":[],"class_list":{"0":"post-2191","1":"product","2":"type-product","3":"status-publish","4":"has-post-thumbnail","6":"product_cat-product","7":"product_cat-cappuccino-beverages","9":"first","10":"instock","11":"taxable","12":"shipping-taxable","13":"purchasable","14":"product-type-simple"},"_links":{"self":[{"href":"https:\/\/archcafe.net\/en\/wp-json\/wp\/v2\/product\/2191","targetHints":{"allow":["GET"]}}],"collection":[{"href":"https:\/\/archcafe.net\/en\/wp-json\/wp\/v2\/product"}],"about":[{"href":"https:\/\/archcafe.net\/en\/wp-json\/wp\/v2\/types\/product"}],"replies":[{"embeddable":true,"href":"https:\/\/archcafe.net\/en\/wp-json\/wp\/v2\/comments?post=2191"}],"wp:featuredmedia":[{"embeddable":true,"href":"https:\/\/archcafe.net\/en\/wp-json\/wp\/v2\/media\/2830"}],"wp:attachment":[{"href":"https:\/\/archcafe.net\/en\/wp-json\/wp\/v2\/media?parent=2191"}],"wp:term":[{"taxonomy":"product_brand","embeddable":true,"href":"https:\/\/archcafe.net\/en\/wp-json\/wp\/v2\/product_brand?post=2191"},{"taxonomy":"product_cat","embeddable":true,"href":"https:\/\/archcafe.net\/en\/wp-json\/wp\/v2\/product_cat?post=2191"},{"taxonomy":"product_tag","embeddable":true,"href":"https:\/\/archcafe.net\/en\/wp-json\/wp\/v2\/product_tag?post=2191"}],"curies":[{"name":"wp","href":"https:\/\/api.w.org\/{rel}","templated":true}]}}