{"id":2211,"date":"2025-07-20T11:42:30","date_gmt":"2025-07-20T04:42:30","guid":{"rendered":"https:\/\/archcafe.net\/product\/cappuccino-sau-rieng\/"},"modified":"2026-04-15T03:39:47","modified_gmt":"2026-04-14T20:39:47","slug":"durian-cappuccino","status":"publish","type":"product","link":"https:\/\/archcafe.net\/en\/product\/durian-cappuccino\/","title":{"rendered":"Durian Cappuccino"},"content":{"rendered":"<figure id=\"attachment_555\" aria-describedby=\"caption-attachment-555\" style=\"width: 1999px\" class=\"wp-caption alignnone\"><img loading=\"lazy\" decoding=\"async\" class=\"wp-image-555 size-full\" src=\"https:\/\/archcafe.net\/wp-content\/uploads\/2025\/07\/18181005_sau-rieng-TV.png\" alt=\"Archcafe Durian Cappuccino Coffee\" width=\"1999\" height=\"1008\" srcset=\"https:\/\/archcafe.net\/wp-content\/uploads\/2025\/07\/18181005_sau-rieng-TV.png 1999w, https:\/\/archcafe.net\/wp-content\/uploads\/2025\/07\/18181005_sau-rieng-TV-1536x775.png 1536w, https:\/\/archcafe.net\/wp-content\/uploads\/2025\/07\/18181005_sau-rieng-TV-600x303.png 600w\" sizes=\"auto, (max-width: 1999px) 100vw, 1999px\" \/><figcaption id=\"caption-attachment-555\" class=\"wp-caption-text\">Archcafe<\/figcaption><\/figure>\n<div>\n<div>\n<div>\n<p>You are surprised how Vietnamese Durian can blend perfectly with Cappuccino, creating Archcaf\u00e9 Durian Cappuccino with the delicious aroma that have never had before?<\/p>\n<p>Taste the great flavor of sweet durian and fragrant cappuccino. You will fall in love with Archcaf\u00e9 Durian Cappuccino.<\/p>\n<p>Enjoy Archcaf\u00e9 Durian Cappuccino daily, enjoy the fascinating taste of East-meet-West.<\/p>\n<\/div>\n<div><strong>SPECIFICATION:<\/strong><\/div>\n<div>\n<div>\n<ul>\n<li>12 sticks \/ 1 box<\/li>\n<li>12 boxes \/ 1 carton<\/li>\n<\/ul>\n<\/div>\n<\/div>\n<\/div>\n<div>\n<div><span style=\"color: #ed1c24;\"><strong>UNIT PRICE: <span style=\"font-size: 14.4px;\">65,000<\/span><span class=\"s-price\" style=\"font-size: 14.4px;\">\u0111<\/span><\/strong><\/span><\/div>\n<\/div>\n<div>\n<div><span style=\"color: #ed1c24;\"><strong>CARTON PRICE: <span style=\"font-size: 14.4px;\">780,000<\/span><span class=\"s-price\" style=\"font-size: 14.4px;\">\u0111<\/span><\/strong><\/span><\/div>\n<\/div>\n<\/div>\n<div><img loading=\"lazy\" decoding=\"async\" class=\"size-full wp-image-2214 aligncenter\" src=\"https:\/\/archcafe.net\/wp-content\/uploads\/2025\/07\/Sau-rieng-TA.png\" alt=\"\" width=\"1758\" height=\"1125\" srcset=\"https:\/\/archcafe.net\/wp-content\/uploads\/2025\/07\/Sau-rieng-TA.png 1758w, https:\/\/archcafe.net\/wp-content\/uploads\/2025\/07\/Sau-rieng-TA-1536x983.png 1536w, https:\/\/archcafe.net\/wp-content\/uploads\/2025\/07\/Sau-rieng-TA-600x384.png 600w\" sizes=\"auto, (max-width: 1758px) 100vw, 1758px\" \/><\/div>\n<div>\n<p><strong>INGREDIENTS:<\/strong> Sugar (38.9%), Non-dairy creamer (glucose syrup solids, hydrogenated vegetable fat, milk protein, stabilizer (E340(ii), E451(i)), emulsifier (E471, E472e, E1450) and free flowing agent (E551)) (26.8%), Foaming creamer (glucose syrup solid, vegetable fat, milk solid, stabilizer (E340(ii)), emulsifier (E481(i)) and artificial flavour) (21.6%), Coffee powder (8.1%), Durian powder (2.2%), Cocoa powder (1.3%), Iodized salt (0.6%), Artificial coffee flavor (0.5%).<\/p>\n<p><strong>STORAGE INSTRUCTIONS:<\/strong> Store in a cool, dry place.<\/p>\n<p><strong>RECOMMENDATION:<\/strong> Do not use the product after its expiration date. Store the product according to the manufacturer&#8217;s instructions.<\/p>\n<p><strong>FOOD SAFETY WARNING:<\/strong> Contains milk ingredients. May contain soy and gluten.<\/p>\n<p>Expiration date is printed on the packaging.<\/p>\n<p><strong>PRODUCT OF: ARCHCAFE JOINT STOCK COMPANY<\/strong><\/p>\n<ul>\n<li dir=\"ltr\">Head quater: 81\/15 Nguy\u1ec5n C\u1eedu V\u00e2n Street, Gia \u0110\u1ecbnh Ward, Ho Chi Minh City, Vietnam.<\/li>\n<li dir=\"ltr\">Office: 58 Nguy\u1ec5n B\u1ec9nh Khi\u00eam Street, T\u00e2n \u0110\u1ecbnh Ward, Ho Chi Minh City, Vietnam<\/li>\n<li dir=\"ltr\">Phone: (08) 6684 0166<\/li>\n<li dir=\"ltr\">Fanpage: <a href=\"https:\/\/www.facebook.com\/archcafe88\" target=\"_blank\" rel=\"noopener\">https:\/\/www.facebook.com\/archcafe88<\/a><\/li>\n<\/ul>\n<p>You can also contact us via Zalo at 0933.038.816 to get support and receive the most attractive promotions.<span style=\"color: #333333;\">\u00a0<\/span><\/p>\n<\/div>\n","protected":false},"excerpt":{"rendered":"<p>You are surprised how Vietnamese Durian can blend perfectly with Cappuccino, creating Archcaf\u00e9 Durian Cappuccino with the delicious aroma that have never had before?<\/p>\n<p>Taste the great flavor of sweet durian and fragrant cappuccino. You will fall in love with Archcaf\u00e9 Durian Cappuccino.<\/p>\n<p>Enjoy Archcaf\u00e9 Durian Cappuccino daily, enjoy the fascinating taste of East-meet-West.<\/p>\n","protected":false},"featured_media":2833,"comment_status":"closed","ping_status":"closed","template":"","meta":{"inline_featured_image":false},"product_brand":[],"product_cat":[59,57],"product_tag":[],"class_list":{"0":"post-2211","1":"product","2":"type-product","3":"status-publish","4":"has-post-thumbnail","6":"product_cat-product","7":"product_cat-cappuccino-beverages","9":"first","10":"instock","11":"taxable","12":"shipping-taxable","13":"purchasable","14":"product-type-simple"},"_links":{"self":[{"href":"https:\/\/archcafe.net\/en\/wp-json\/wp\/v2\/product\/2211","targetHints":{"allow":["GET"]}}],"collection":[{"href":"https:\/\/archcafe.net\/en\/wp-json\/wp\/v2\/product"}],"about":[{"href":"https:\/\/archcafe.net\/en\/wp-json\/wp\/v2\/types\/product"}],"replies":[{"embeddable":true,"href":"https:\/\/archcafe.net\/en\/wp-json\/wp\/v2\/comments?post=2211"}],"wp:featuredmedia":[{"embeddable":true,"href":"https:\/\/archcafe.net\/en\/wp-json\/wp\/v2\/media\/2833"}],"wp:attachment":[{"href":"https:\/\/archcafe.net\/en\/wp-json\/wp\/v2\/media?parent=2211"}],"wp:term":[{"taxonomy":"product_brand","embeddable":true,"href":"https:\/\/archcafe.net\/en\/wp-json\/wp\/v2\/product_brand?post=2211"},{"taxonomy":"product_cat","embeddable":true,"href":"https:\/\/archcafe.net\/en\/wp-json\/wp\/v2\/product_cat?post=2211"},{"taxonomy":"product_tag","embeddable":true,"href":"https:\/\/archcafe.net\/en\/wp-json\/wp\/v2\/product_tag?post=2211"}],"curies":[{"name":"wp","href":"https:\/\/api.w.org\/{rel}","templated":true}]}}