{"id":2223,"date":"2025-07-20T11:53:30","date_gmt":"2025-07-20T04:53:30","guid":{"rendered":"https:\/\/archcafe.net\/product\/cappuccino-chuoi-tui\/"},"modified":"2026-04-15T03:39:47","modified_gmt":"2026-04-14T20:39:47","slug":"banana-cappuccino-bag","status":"publish","type":"product","link":"https:\/\/archcafe.net\/en\/product\/banana-cappuccino-bag\/","title":{"rendered":"Banana Cappuccino (Bag)"},"content":{"rendered":"<p><img loading=\"lazy\" decoding=\"async\" class=\"aligncenter wp-image-568 size-full\" src=\"https:\/\/archcafe.net\/wp-content\/uploads\/2025\/07\/14092406_gh.png\" alt=\"ARCHCAFE BANANA CAPPUCCINO \" width=\"1366\" height=\"768\" srcset=\"https:\/\/archcafe.net\/wp-content\/uploads\/2025\/07\/14092406_gh.png 1366w, https:\/\/archcafe.net\/wp-content\/uploads\/2025\/07\/14092406_gh-600x337.png 600w\" sizes=\"auto, (max-width: 1366px) 100vw, 1366px\" \/><\/p>\n<p>Bananas are one of the most delicious, healthy tropical fruits that provide a lot of energies for our bodies and suitable for everyone.<\/p>\n<p>It\u2019s even more interesting when the familiar taste of banana is harmonized with Italian coffee style to create an amazing drink that is hard to resist.<\/p>\n<p>Archcaf\u00e9 Banana Cappuccino is a natural, interesting and energetic drink for every day.<\/p>\n<div>\n<div>\n<div><strong>SPECIFICATION:<\/strong><\/div>\n<div>\n<div>\n<ul>\n<li>50 sticks\/bag<\/li>\n<li>8 bags\/ carton<\/li>\n<\/ul>\n<\/div>\n<\/div>\n<\/div>\n<div>\n<div><span style=\"color: #ed1c24;\"><strong>UNIT PRICE: <span style=\"font-size: 14.4px;\">235,000<\/span><span class=\"s-price\" style=\"font-size: 14.4px;\">\u0111<\/span><\/strong><\/span><\/div>\n<\/div>\n<div>\n<div><span style=\"color: #ed1c24;\"><strong>CARTON PRICE\u00a0<span style=\"font-size: 14.4px;\">1,880,000<\/span><span class=\"s-price\" style=\"font-size: 14.4px;\">\u0111<\/span><\/strong><\/span><\/div>\n<\/div>\n<\/div>\n<div><img loading=\"lazy\" decoding=\"async\" class=\"size-full wp-image-2227 aligncenter\" src=\"https:\/\/archcafe.net\/wp-content\/uploads\/2025\/07\/Screen-Shot-2021-04-06-at-2_46_01-PM.png\" alt=\"\" width=\"2156\" height=\"1068\" srcset=\"https:\/\/archcafe.net\/wp-content\/uploads\/2025\/07\/Screen-Shot-2021-04-06-at-2_46_01-PM.png 2156w, https:\/\/archcafe.net\/wp-content\/uploads\/2025\/07\/Screen-Shot-2021-04-06-at-2_46_01-PM-1536x761.png 1536w, https:\/\/archcafe.net\/wp-content\/uploads\/2025\/07\/Screen-Shot-2021-04-06-at-2_46_01-PM-2048x1015.png 2048w, https:\/\/archcafe.net\/wp-content\/uploads\/2025\/07\/Screen-Shot-2021-04-06-at-2_46_01-PM-600x297.png 600w\" sizes=\"auto, (max-width: 2156px) 100vw, 2156px\" \/><\/div>\n<div><strong>INGREDIENTS:<\/strong> Sugar (40%), Non-dairy creamer (glucose syrup solids, hydrogenated vegetable fat, milk protein, stabilizer (E340(ii), E451(i)), emulsifier (E471, E472e, E1450) and free flowing agent (E551)) (24%), Banana powder (20%), Coffee powder (6.8%), Foaming creamer (glucose syrup solid, vegetable fat, milk solid, stabilizer (E340(ii)), emulsifier (E481(i)) and artificial flavor) (6.5%), Iodized salt (1.5%), Cocoa powder (1%), Natural banana flavor (0.2%).<\/div>\n<div>\n<p><strong>STORAGE INSTRUCTIONS:<\/strong> Store in a cool, dry place.<\/p>\n<p><strong>RECOMMENDATION:<\/strong> Do not use the product after its expiration date. Store the product according to the manufacturer&#8217;s instructions.<\/p>\n<p><strong>FOOD SAFETY WARNING:<\/strong> Contains milk ingredients. May contain soy and gluten.<\/p>\n<p>Expiration date is printed on the packaging.<\/p>\n<p><strong>PRODUCT OF: ARCHCAFE JOINT STOCK COMPANY<\/strong><\/p>\n<ul>\n<li dir=\"ltr\">Head quater: 81\/15 Nguy\u1ec5n C\u1eedu V\u00e2n Street, Gia \u0110\u1ecbnh Ward, Ho Chi Minh City, Vietnam.<\/li>\n<li dir=\"ltr\">Office: 58 Nguy\u1ec5n B\u1ec9nh Khi\u00eam Street, T\u00e2n \u0110\u1ecbnh Ward, Ho Chi Minh City, Vietnam<\/li>\n<li dir=\"ltr\">Phone: (08) 6684 0166<\/li>\n<li dir=\"ltr\">Fanpage: <a href=\"https:\/\/www.facebook.com\/archcafe88\" target=\"_blank\" rel=\"noopener\">https:\/\/www.facebook.com\/archcafe88<\/a><\/li>\n<\/ul>\n<p>You can also contact us via Zalo at 0933.038.816 to get support and receive the most attractive promotions.<\/p>\n<\/div>\n","protected":false},"excerpt":{"rendered":"<p>Bananas are one of the most delicious, healthy tropical fruits that provide a lot of energies for our bodies and suitable for everyone.<\/p>\n<p>It\u2019s even more interesting when the familiar taste of banana is harmonized with Italian coffee style to create an amazing drink that is hard to resist.<\/p>\n<p>Archcaf\u00e9 Banana Cappuccino is a natural, interesting and energetic drink for every day.<\/p>\n","protected":false},"featured_media":2411,"comment_status":"closed","ping_status":"closed","template":"","meta":{"inline_featured_image":false},"product_brand":[],"product_cat":[59,57],"product_tag":[],"class_list":{"0":"post-2223","1":"product","2":"type-product","3":"status-publish","4":"has-post-thumbnail","6":"product_cat-product","7":"product_cat-cappuccino-beverages","9":"first","10":"instock","11":"taxable","12":"shipping-taxable","13":"purchasable","14":"product-type-simple"},"_links":{"self":[{"href":"https:\/\/archcafe.net\/en\/wp-json\/wp\/v2\/product\/2223","targetHints":{"allow":["GET"]}}],"collection":[{"href":"https:\/\/archcafe.net\/en\/wp-json\/wp\/v2\/product"}],"about":[{"href":"https:\/\/archcafe.net\/en\/wp-json\/wp\/v2\/types\/product"}],"replies":[{"embeddable":true,"href":"https:\/\/archcafe.net\/en\/wp-json\/wp\/v2\/comments?post=2223"}],"wp:featuredmedia":[{"embeddable":true,"href":"https:\/\/archcafe.net\/en\/wp-json\/wp\/v2\/media\/2411"}],"wp:attachment":[{"href":"https:\/\/archcafe.net\/en\/wp-json\/wp\/v2\/media?parent=2223"}],"wp:term":[{"taxonomy":"product_brand","embeddable":true,"href":"https:\/\/archcafe.net\/en\/wp-json\/wp\/v2\/product_brand?post=2223"},{"taxonomy":"product_cat","embeddable":true,"href":"https:\/\/archcafe.net\/en\/wp-json\/wp\/v2\/product_cat?post=2223"},{"taxonomy":"product_tag","embeddable":true,"href":"https:\/\/archcafe.net\/en\/wp-json\/wp\/v2\/product_tag?post=2223"}],"curies":[{"name":"wp","href":"https:\/\/api.w.org\/{rel}","templated":true}]}}