{"id":2242,"date":"2025-07-20T11:56:34","date_gmt":"2025-07-20T04:56:34","guid":{"rendered":"https:\/\/archcafe.net\/product\/chocolate-dua\/"},"modified":"2026-04-15T03:39:47","modified_gmt":"2026-04-14T20:39:47","slug":"coco-choco","status":"publish","type":"product","link":"https:\/\/archcafe.net\/en\/product\/coco-choco\/","title":{"rendered":"Coco Choco"},"content":{"rendered":"<p><img loading=\"lazy\" decoding=\"async\" class=\"alignnone wp-image-573 size-full\" src=\"https:\/\/archcafe.net\/wp-content\/uploads\/2025\/07\/11302129_Tone-sur-Tone-copy.jpg\" alt=\"archcafe coconut chocolate\" width=\"1999\" height=\"1010\" srcset=\"https:\/\/archcafe.net\/wp-content\/uploads\/2025\/07\/11302129_Tone-sur-Tone-copy.jpg 1999w, https:\/\/archcafe.net\/wp-content\/uploads\/2025\/07\/11302129_Tone-sur-Tone-copy-1536x776.jpg 1536w, https:\/\/archcafe.net\/wp-content\/uploads\/2025\/07\/11302129_Tone-sur-Tone-copy-600x303.jpg 600w\" sizes=\"auto, (max-width: 1999px) 100vw, 1999px\" \/><\/p>\n<div>\n<div>\n<div>\n<p>Sweet, creamy and lightly bitter, as chocolate, the language of love, blended with rich coconut cream milk for an appealing drink.<\/p>\n<p>Enjoy Archcaf\u00e9 Coco Choco with your loved ones, enjoy your life at its most.<\/p>\n<\/div>\n<div><strong>SPECIFICATION:<\/strong><\/div>\n<div>\n<div>\n<ul>\n<li>12 sticks\/ box<\/li>\n<li>12 boxes\/ carton<\/li>\n<\/ul>\n<\/div>\n<\/div>\n<\/div>\n<div>\n<div><span style=\"color: #ed1c24;\"><strong>UNIT PRICE: <span style=\"font-size: 14.4px;\">65,000<\/span><span class=\"s-price\" style=\"font-size: 14.4px;\">\u0111<\/span><\/strong><\/span><\/div>\n<\/div>\n<div>\n<div><span style=\"color: #ed1c24;\"><strong>CARTON PRICE: <span style=\"font-size: 14.4px;\">780,000<\/span><span class=\"s-price\" style=\"font-size: 14.4px;\">\u0111<\/span><\/strong><\/span><\/div>\n<\/div>\n<\/div>\n<div><img loading=\"lazy\" decoding=\"async\" class=\"size-full wp-image-2246 aligncenter\" src=\"https:\/\/archcafe.net\/wp-content\/uploads\/2025\/07\/HDSD-nho-EN.png\" alt=\"\" width=\"849\" height=\"405\" srcset=\"https:\/\/archcafe.net\/wp-content\/uploads\/2025\/07\/HDSD-nho-EN.png 849w, https:\/\/archcafe.net\/wp-content\/uploads\/2025\/07\/HDSD-nho-EN-600x286.png 600w\" sizes=\"auto, (max-width: 849px) 100vw, 849px\" \/><\/div>\n<div><b>INGREDIENTS:<\/b><span style=\"font-weight: 400;\"> Sugar (32%), Coconut milk powder (coconut milk, maltose, sodium caseinate) (32%), <\/span><span style=\"font-weight: 400;\">Non-dairy creamer (glucose syrup solids, fully hydrogenated vegetable fat, stabilizer (340(ii), 451(i)), sodium caseinate, emulsifier (481(i), 471) and free flowing agent (551))<\/span><span style=\"font-weight: 400;\"> (22,5%), Cocoa powder (12,1%), Iodized salt (1,2%), Artificial coconut flavor (0,2%).<\/span><\/div>\n<div>\n<p><strong>STORAGE INSTRUCTIONS:<\/strong> Store in a cool, dry place.<\/p>\n<p><strong>RECOMMENDATION:<\/strong> Do not use the product after its expiration date. Store the product according to the manufacturer&#8217;s instructions.<\/p>\n<p><strong>FOOD SAFETY WARNING:<\/strong> Contains milk ingredients. May contain soy and gluten.<\/p>\n<p>Expiration date is printed on the packaging.<\/p>\n<p><strong>PRODUCT OF: ARCHCAFE JOINT STOCK COMPANY<\/strong><\/p>\n<ul>\n<li dir=\"ltr\">Head quater: 81\/15 Nguy\u1ec5n C\u1eedu V\u00e2n Street, Gia \u0110\u1ecbnh Ward, Ho Chi Minh City, Vietnam.<\/li>\n<li dir=\"ltr\">Office: 58 Nguy\u1ec5n B\u1ec9nh Khi\u00eam Street, T\u00e2n \u0110\u1ecbnh Ward, Ho Chi Minh City, Vietnam<\/li>\n<li dir=\"ltr\">Phone: (08) 6684 0166<\/li>\n<li dir=\"ltr\">Fanpage: <a href=\"https:\/\/www.facebook.com\/archcafe88\" target=\"_blank\" rel=\"noopener\">https:\/\/www.facebook.com\/archcafe88<\/a><\/li>\n<\/ul>\n<p>You can also contact us via Zalo at 0933.038.816 to get support and receive the most attractive promotions.<\/p>\n<\/div>\n","protected":false},"excerpt":{"rendered":"<p>Sweet, creamy and lightly bitter, as chocolate, the language of love, blended with rich coconut cream milk for an appealing drink.<\/p>\n<p>Enjoy Archcaf\u00e9 Coco Choco with your loved ones, enjoy your life at its most.<\/p>\n","protected":false},"featured_media":2248,"comment_status":"closed","ping_status":"closed","template":"","meta":{"inline_featured_image":false},"product_brand":[],"product_cat":[59,87],"product_tag":[],"class_list":{"0":"post-2242","1":"product","2":"type-product","3":"status-publish","4":"has-post-thumbnail","6":"product_cat-product","7":"product_cat-chocolate-matcha-en","9":"first","10":"instock","11":"taxable","12":"shipping-taxable","13":"purchasable","14":"product-type-simple"},"_links":{"self":[{"href":"https:\/\/archcafe.net\/en\/wp-json\/wp\/v2\/product\/2242","targetHints":{"allow":["GET"]}}],"collection":[{"href":"https:\/\/archcafe.net\/en\/wp-json\/wp\/v2\/product"}],"about":[{"href":"https:\/\/archcafe.net\/en\/wp-json\/wp\/v2\/types\/product"}],"replies":[{"embeddable":true,"href":"https:\/\/archcafe.net\/en\/wp-json\/wp\/v2\/comments?post=2242"}],"wp:featuredmedia":[{"embeddable":true,"href":"https:\/\/archcafe.net\/en\/wp-json\/wp\/v2\/media\/2248"}],"wp:attachment":[{"href":"https:\/\/archcafe.net\/en\/wp-json\/wp\/v2\/media?parent=2242"}],"wp:term":[{"taxonomy":"product_brand","embeddable":true,"href":"https:\/\/archcafe.net\/en\/wp-json\/wp\/v2\/product_brand?post=2242"},{"taxonomy":"product_cat","embeddable":true,"href":"https:\/\/archcafe.net\/en\/wp-json\/wp\/v2\/product_cat?post=2242"},{"taxonomy":"product_tag","embeddable":true,"href":"https:\/\/archcafe.net\/en\/wp-json\/wp\/v2\/product_tag?post=2242"}],"curies":[{"name":"wp","href":"https:\/\/api.w.org\/{rel}","templated":true}]}}