{"id":3398,"date":"2025-11-13T13:03:02","date_gmt":"2025-11-13T06:03:02","guid":{"rendered":"https:\/\/www.archcafe.net\/?post_type=product&#038;p=3398"},"modified":"2026-04-15T03:39:46","modified_gmt":"2026-04-14T20:39:46","slug":"archcafe-tet","status":"publish","type":"product","link":"https:\/\/archcafe.net\/en\/san-pham\/archcafe-tet\/","title":{"rendered":"Archcaf\u00e9 &#8211; T\u1ebft"},"content":{"rendered":"<div><img loading=\"lazy\" decoding=\"async\" class=\"alignnone size-full wp-image-3412\" src=\"https:\/\/www.archcafe.net\/wp-content\/uploads\/2025\/11\/anh_Viber_2025-11-14_23-13-41-237.jpg\" alt=\"\" width=\"832\" height=\"1248\" srcset=\"https:\/\/archcafe.net\/wp-content\/uploads\/2025\/11\/anh_Viber_2025-11-14_23-13-41-237.jpg 832w, https:\/\/archcafe.net\/wp-content\/uploads\/2025\/11\/anh_Viber_2025-11-14_23-13-41-237-600x900.jpg 600w\" sizes=\"auto, (max-width: 832px) 100vw, 832px\" \/><\/div>\n<div><\/div>\n<div>M\u1ed7i ng\u00e0y b\u1eadn r\u1ed9n tr\u00f4i qua, \u0111\u1ec3 ng\u00e0y T\u1ebft ch\u00fang ta th\u1ea3nh th\u01a1i qu\u00e2y qu\u1ea7n b\u00ean nhau, trao nhau nh\u1eefng m\u00f3n qu\u00e0 x\u00f4m t\u1ee5.<\/div>\n<div><\/div>\n<div>Archcaf\u00e9 &#8211; T\u1ebft l\u00e0 s\u1ef1 k\u1ebft h\u1ee3p ho\u00e0n h\u1ea3o gi\u1eefa hai d\u00f2ng s\u1ea3n ph\u1ea9m Cappuccino D\u1eeba &#8211; bestseller v\u1edbi s\u1ef1 b\u00e9o ng\u1eady t\u1eeb kem s\u1eefa d\u1eeba ho\u00e0 quy\u1ec7n c\u00f9ng Cappuccino \u0111\u1eafng nh\u1eb9 \u0111\u1eb7c tr\u01b0ng, th\u01a1m d\u1ecbu d\u1eeba v\u00e0 C\u00e0 Ph\u00ea S\u1eefa \u0110\u1eb7c &#8211; bao ng\u01b0\u1eddi y\u00eau th\u00edch b\u1edfi s\u1ef1 \u0111\u1eadm \u0111\u00e0 c\u1ee7a c\u00e0 ph\u00ea k\u1ebft h\u1ee3p c\u00f9ng s\u1ef1 b\u00e9o th\u01a1m t\u1eeb s\u1eefa \u0111\u1eb7c.<\/div>\n<div><\/div>\n<div><img loading=\"lazy\" decoding=\"async\" class=\"alignnone size-full wp-image-3400\" src=\"https:\/\/www.archcafe.net\/wp-content\/uploads\/2025\/11\/bang-nutri-dua-tet-.png\" alt=\"\" width=\"1079\" height=\"1079\" srcset=\"https:\/\/archcafe.net\/wp-content\/uploads\/2025\/11\/bang-nutri-dua-tet-.png 1079w, https:\/\/archcafe.net\/wp-content\/uploads\/2025\/11\/bang-nutri-dua-tet--300x300.png 300w, https:\/\/archcafe.net\/wp-content\/uploads\/2025\/11\/bang-nutri-dua-tet--1024x1024.png 1024w, https:\/\/archcafe.net\/wp-content\/uploads\/2025\/11\/bang-nutri-dua-tet--150x150.png 150w, https:\/\/archcafe.net\/wp-content\/uploads\/2025\/11\/bang-nutri-dua-tet--768x768.png 768w, https:\/\/archcafe.net\/wp-content\/uploads\/2025\/11\/bang-nutri-dua-tet--600x600.png 600w, https:\/\/archcafe.net\/wp-content\/uploads\/2025\/11\/bang-nutri-dua-tet--100x100.png 100w\" sizes=\"auto, (max-width: 1079px) 100vw, 1079px\" \/><\/div>\n<div><\/div>\n<div><img loading=\"lazy\" decoding=\"async\" class=\"alignnone size-full wp-image-3401\" src=\"https:\/\/www.archcafe.net\/wp-content\/uploads\/2025\/11\/bang-nutri-sua-dac-tet-.png.png\" alt=\"\" width=\"1079\" height=\"1079\" srcset=\"https:\/\/archcafe.net\/wp-content\/uploads\/2025\/11\/bang-nutri-sua-dac-tet-.png.png 1079w, https:\/\/archcafe.net\/wp-content\/uploads\/2025\/11\/bang-nutri-sua-dac-tet-.png-300x300.png 300w, https:\/\/archcafe.net\/wp-content\/uploads\/2025\/11\/bang-nutri-sua-dac-tet-.png-1024x1024.png 1024w, https:\/\/archcafe.net\/wp-content\/uploads\/2025\/11\/bang-nutri-sua-dac-tet-.png-150x150.png 150w, https:\/\/archcafe.net\/wp-content\/uploads\/2025\/11\/bang-nutri-sua-dac-tet-.png-768x768.png 768w, https:\/\/archcafe.net\/wp-content\/uploads\/2025\/11\/bang-nutri-sua-dac-tet-.png-600x600.png 600w, https:\/\/archcafe.net\/wp-content\/uploads\/2025\/11\/bang-nutri-sua-dac-tet-.png-100x100.png 100w\" sizes=\"auto, (max-width: 1079px) 100vw, 1079px\" \/><\/div>\n<div><\/div>\n<div>B\u00ean trong &#8220;Archcaf\u00e9 &#8211; T\u1ebft&#8221; l\u00e0<\/div>\n<div>&#8211; 4 g\u00f3i x Cappuccino D\u1eeba (20g) tinh t\u1ebf, ng\u1ecdt ng\u00e0o.<\/div>\n<div>&#8211; 6 g\u00f3i x C\u00e0 Ph\u00ea S\u1eefa \u0110\u1eb7c (18g) b\u00e9o ng\u1ecdt, \u0111\u1eadm \u0111\u00e0.<\/div>\n<div><\/div>\n<div>+ Cappuccino D\u1eeba: c\u00e0 ph\u00ea \u0111\u1eadm \u0111\u00e0 v\u00e0 s\u1ef1 ng\u1ecdt ng\u00e0o, b\u00e9o ng\u1eady c\u1ee7a kem s\u1eefa d\u1eeba.<\/div>\n<div>V\u1ecb c\u00e0 ph\u00ea \u0111\u1eadm \u0111\u00e0, th\u01a1m l\u1eebng, \u0111\u01b0\u1ee3c k\u1ebft h\u1ee3p v\u1edbi l\u1edbp kem s\u1eefa d\u1eeba m\u1ecbn m\u00e0ng, t\u1ea1o n\u00ean m\u1ed9t s\u1ef1 h\u00f2a quy\u1ec7n \u0111\u1ed9c \u0111\u00e1o. S\u1ef1 t\u01b0\u01a1i m\u00e1t v\u00e0 th\u01a1m l\u1eebng c\u1ee7a d\u1eeba l\u00e0m d\u1ecbu b\u1edbt v\u1ecb \u0111\u1eafng c\u1ee7a c\u00e0 ph\u00ea, mang l\u1ea1i c\u1ea3m gi\u00e1c d\u1ec5 ch\u1ecbu, nh\u1eb9 nh\u00e0ng.<\/div>\n<div><\/div>\n<div>+ C\u00e0 Ph\u00ea S\u1eefa \u0110\u1eb7c: b\u00e9o ng\u1ecdt, \u0111\u1eafng nh\u1eb9 \u0111\u1eb7c tr\u01b0ng c\u1ee7a c\u00e0 ph\u00ea. Khi u\u1ed1ng, b\u1ea1n s\u1ebd c\u1ea3m nh\u1eadn \u0111\u01b0\u1ee3c s\u1ef1 ng\u1ecdt ng\u00e0o c\u1ee7a s\u1eefa \u0111\u1eb7c c\u00f9ng v\u1edbi v\u1ecb \u0111\u1eafng c\u1ee7a c\u00e0 ph\u00ea, t\u1ea1o ra m\u1ed9t c\u1ea3m gi\u00e1c th\u1ecfa m\u00e3n, kh\u00f3 qu\u00ean.<\/div>\n<div><\/div>\n<div>\n<div dir=\"auto\"><span class=\"html-span xexx8yu xyri2b x18d9i69 x1c1uobl x1hl2dhg x16tdsg8 x1vvkbs x3nfvp2 x1j61x8r x1fcty0u xdj266r xat24cr xm2jcoa x1mpyi22 xxymvpz xlup9mm x1kky2od\"><img loading=\"lazy\" decoding=\"async\" class=\"xz74otr x15mokao x1ga7v0g x16uus16 xbiv7yw\" src=\"https:\/\/static.xx.fbcdn.net\/images\/emoji.php\/v9\/t3b\/2\/16\/1f53b.png\" alt=\"\" width=\"16\" height=\"16\" \/><\/span>C\u1eadp nh\u1eadt m\u1ecdi th\u00f4ng tin \u01b0u \u0111\u00e3i m\u1edbi nh\u1ea5t c\u1ee7a nh\u00e0 Archcaf\u00e9 t\u1ea1i \u0111\u00e2y \u1ea1!<\/div>\n<div dir=\"auto\"><span class=\"html-span xexx8yu xyri2b x18d9i69 x1c1uobl x1hl2dhg x16tdsg8 x1vvkbs x3nfvp2 x1j61x8r x1fcty0u xdj266r xat24cr xm2jcoa x1mpyi22 xxymvpz xlup9mm x1kky2od\"><img loading=\"lazy\" decoding=\"async\" class=\"xz74otr x15mokao x1ga7v0g x16uus16 xbiv7yw\" src=\"https:\/\/static.xx.fbcdn.net\/images\/emoji.php\/v9\/tbb\/2\/16\/1f6d2.png\" alt=\"\" width=\"16\" height=\"16\" \/><\/span> Fanpage : <span class=\"html-span xdj266r x14z9mp xat24cr x1lziwak xexx8yu xyri2b x18d9i69 x1c1uobl x1hl2dhg x16tdsg8 x1vvkbs\"><a class=\"x1i10hfl xjbqb8w x1ejq31n x18oe1m7 x1sy0etr xstzfhl x972fbf x10w94by x1qhh985 x14e42zd x9f619 x1ypdohk xt0psk2 x3ct3a4 xdj266r x14z9mp xat24cr x1lziwak xexx8yu xyri2b x18d9i69 x1c1uobl x16tdsg8 x1hl2dhg xggy1nq x1a2a7pz xkrqix3 x1sur9pj x1fey0fg x1s688f\" tabindex=\"0\" role=\"link\" href=\"https:\/\/www.facebook.com\/archcafe88?__cft__[0]=AZXq5PnYvZrRIRYSzkNuuCT60-zKWAVBVqquiQxn30Kr0M-90Grk65sqNQ2LxWQShBdffBdgbJTUeXcH-nQCDFbd-oHVXnbYEroY78Qoednk_lml1f0uEJWgxmsVdKd1mxZnx49oJ8afVmKZuqmm2Q3s07Jji0xJUuoBMKHKpHmOMI9iSIADj3HhrkFtAmDCFug&amp;__tn__=-]K-R\" target=\"_blank\" rel=\"noopener\"><span class=\"xt0psk2\"><span class=\"xjp7ctv\">https:\/\/www.facebook.com\/archcafe88<\/span><\/span><\/a><\/span><\/div>\n<div dir=\"auto\"><span class=\"html-span xexx8yu xyri2b x18d9i69 x1c1uobl x1hl2dhg x16tdsg8 x1vvkbs x3nfvp2 x1j61x8r x1fcty0u xdj266r xat24cr xm2jcoa x1mpyi22 xxymvpz xlup9mm x1kky2od\"><img loading=\"lazy\" decoding=\"async\" class=\"xz74otr x15mokao x1ga7v0g x16uus16 xbiv7yw\" src=\"https:\/\/static.xx.fbcdn.net\/images\/emoji.php\/v9\/tbb\/2\/16\/1f6d2.png\" alt=\"\" width=\"16\" height=\"16\" \/><\/span> Hotline : 093.303.8816<\/div>\n<\/div>\n","protected":false},"excerpt":{"rendered":"<p>Archcaf\u00e9 &#8211; T\u1ebft l\u00e0 s\u1ef1 k\u1ebft h\u1ee3p ho\u00e0n h\u1ea3o gi\u1eefa hai d\u00f2ng s\u1ea3n ph\u1ea9m \u0111\u01b0\u1ee3c y\u00eau th\u00edch nh\u1ea5t.<\/p>\n<p>Cappuccino D\u1eeba mang v\u1ecb b\u00e9o ng\u1eady c\u1ee7a kem s\u1eefa d\u1eeba h\u00f2a quy\u1ec7n c\u00f9ng v\u1ecb \u0111\u1eafng nh\u1eb9 v\u00e0 h\u01b0\u01a1ng th\u01a1m d\u1ecbu \u0111\u1eb7c tr\u01b0ng c\u1ee7a cappuccino.<\/p>\n<p>C\u00e0 Ph\u00ea S\u1eefa \u0110\u1eb7c l\u1ea1i chinh ph\u1ee5c ng\u01b0\u1eddi u\u1ed1ng b\u1eb1ng v\u1ecb c\u00e0 ph\u00ea \u0111\u1eadm \u0111\u00e0 k\u1ebft h\u1ee3p c\u00f9ng s\u1ef1 b\u00e9o th\u01a1m ng\u1ecdt ng\u00e0o c\u1ee7a s\u1eefa \u0111\u1eb7c.<\/p>\n<p>Hai h\u01b0\u01a1ng v\u1ecb h\u00f2a quy\u1ec7n t\u1ea1o n\u00ean m\u1ed9t tr\u1ea3i nghi\u1ec7m v\u1eeba quen thu\u1ed9c v\u1eeba m\u1edbi m\u1ebb, mang \u0111\u1eadm phong v\u1ecb T\u1ebft Vi\u1ec7t.<\/p>\n","protected":false},"featured_media":3408,"comment_status":"closed","ping_status":"closed","template":"","meta":{"inline_featured_image":false},"product_brand":[],"product_cat":[19,41],"product_tag":[],"class_list":{"0":"post-3398","1":"product","2":"type-product","3":"status-publish","4":"has-post-thumbnail","6":"product_cat-tat-ca-san-pham","7":"product_cat-cappuccino-ca-phe","9":"first","10":"instock","11":"taxable","12":"shipping-taxable","13":"purchasable","14":"product-type-simple"},"_links":{"self":[{"href":"https:\/\/archcafe.net\/en\/wp-json\/wp\/v2\/product\/3398","targetHints":{"allow":["GET"]}}],"collection":[{"href":"https:\/\/archcafe.net\/en\/wp-json\/wp\/v2\/product"}],"about":[{"href":"https:\/\/archcafe.net\/en\/wp-json\/wp\/v2\/types\/product"}],"replies":[{"embeddable":true,"href":"https:\/\/archcafe.net\/en\/wp-json\/wp\/v2\/comments?post=3398"}],"wp:featuredmedia":[{"embeddable":true,"href":"https:\/\/archcafe.net\/en\/wp-json\/wp\/v2\/media\/3408"}],"wp:attachment":[{"href":"https:\/\/archcafe.net\/en\/wp-json\/wp\/v2\/media?parent=3398"}],"wp:term":[{"taxonomy":"product_brand","embeddable":true,"href":"https:\/\/archcafe.net\/en\/wp-json\/wp\/v2\/product_brand?post=3398"},{"taxonomy":"product_cat","embeddable":true,"href":"https:\/\/archcafe.net\/en\/wp-json\/wp\/v2\/product_cat?post=3398"},{"taxonomy":"product_tag","embeddable":true,"href":"https:\/\/archcafe.net\/en\/wp-json\/wp\/v2\/product_tag?post=3398"}],"curies":[{"name":"wp","href":"https:\/\/api.w.org\/{rel}","templated":true}]}}